{"id":140,"date":"2015-07-24T21:16:20","date_gmt":"2015-07-24T21:16:20","guid":{"rendered":"http:\/\/www.ouunpo.com\/?page_id=140"},"modified":"2015-08-30T19:13:11","modified_gmt":"2015-08-30T19:13:11","slug":"140-2","status":"publish","type":"page","link":"https:\/\/www.eegsynth.org\/ouunpo\/140-2","title":{"rendered":"Tokyo &#8211; Yokohama"},"content":{"rendered":"<p style=\"text-align: justify;\"><strong>Godzilla and the Phoenix<\/strong><\/p>\n<p class=\"p1\" style=\"text-align: justify;\"><em>June 17-28, 2013<\/em><\/p>\n<p class=\"p1\" style=\"text-align: justify;\">OuUnPo has chosen two mythical creatures, Godzilla and the Phoenix as a starting point for a research in post-Fukushima Japan. The theme was a tool to develop the group\u2019s specific working methods in dialogue with local partners. The goal was to look at local knowledge and philosophy to gain a deeper understanding of how renewal and creativity are interlinked. Godzilla and the Phoenix represent east and west, creation and destruction, but also underline that every fundamental societal change is based on a different outlook on the world. Creativity is always a renegotiation of accepted values, it dialogues with traditions, it transforms or even breaks them. The session addressed issues like: how can history help and\/or mislead us in the present? How do our expectations of the future shape how we live in the present?<\/p>\n<p class=\"p1\" style=\"text-align: justify;\"><strong>Organizers<\/strong><\/p>\n<p class=\"p1\" style=\"text-align: justify;\">Per H\u00fcttner and Samon Takahashi. Curatorial assistance Naoaki Bab.<\/p>\n<p class=\"p1\" style=\"text-align: justify;\"><strong>Some highlights of the program<\/strong><\/p>\n<p class=\"p1\" style=\"text-align: justify;\">The articulation of the session responded to the peculiar urban space of Tokyo, marked by the presence of multi-layered buildings and towers\u00a0in which Western notions such as &#8220;public and private space&#8221; or &#8220;indoor and outdoor&#8221; are reconfigured and renegotiated. Through sequential\u00a0interventions such as performances, presentations and audio-events, the session\u00a0weaved\u00a0new dramaturgies\u00a0of\u00a0museums and cultural centres. Over one entire day, Spiral\/Wacoal Art Center hosted neuroscientist Stephen Withmarsh&#8217;s collective\u00a0performance<em> What Is Like To Be A Neuron?<\/em>\u00a0in which 30\u00a0participants enacted a human brain, Samon Takahashi&#8217;s solo exhibition, Per H\u00fcttner and Fatos \u00dcstek&#8217;s stair-case performance <em>Something there, <\/em>a chorus directed by<em>\u00a0<\/em>artist\u00a0Elena Nemkova, a disruptive action\u00a0at Spiral&#8217;s boutique, ending with a pole dance and cocktail reception on the top floor of the building. Mori Art Museum hosted the participative performance <em>Urgent Song<\/em> conceived by Natasha Rosling which brought the audience to activate different spaces and plazas of the museum and the Mori Tower.\u00a0The performance solicited a reflection on our bodily relationship with the outside and with the other, between protection and connection, closure and hunger. The performance was followed by presentations\u00a0of work related to The Great East Japan Earthquake by Japanese artists Takayama Akira and Fujii Hikaru and a discussion.<\/p>\n<p class=\"p1\" style=\"text-align: justify;\"><b>Participants and Contributors<\/b><\/p>\n<p class=\"p1\" style=\"text-align: justify;\">From the OuUnPo network:<b>\u00a0<\/b>\u00c5b\u00e4ke, Zeina Assaf, Michael Bielicky, Yane Calovski, Klas Eriksson, Sara Giannini, Per H\u00fcttner, Elena Nemkova, Jacopo Miliani, Marco Pasi, Marcus Pettersson, Cristina Regadas, Natasha Rosling, Claudia Squitieri, Samon Takahashi, Fatos Ustek, Stephen Whitmarsh<\/p>\n<p class=\"p1\" style=\"text-align: justify;\">Local Participants:<b>\u00a0<\/b>Kenichi Kondo, Keita Kasahara, Keijiro Niino, Genichi Ide, Natalia Kamia, Architectural Gymnastic, Kent Nishizaki, Nikola Nikolovski, Meiro Koizumi, Takayuki Yamamoto, Hikaru Fujii, Akira Takayama, Megane, Damien Faure, Christophe Charles, Emiko Kato, Yoshinori Niwa, Ichiro Endo, Hisashi Ikai, Teruhiro Yanagihar, Daisuke Takeya, Boat People Association, Tokyo Pic-Nic Club, Masaharu Imaizumi, Kenichi Eguchi, Genichi Ide, Bucci, Taketeru Kondo, Minoru Inayoshi, Kento Nishizaki, Konomi Sugita, Takaaki Soga, Kazuhito Nakazato, Yu Ito, Shiho Sugita, Art Autonomy Network, Koji Yoshikawa, Linea Werken, Naoaki Bab, Yuki Kashimura, Misaki Tachibana, Mina Osawa, Najomo.<\/p>\n<p class=\"p1\" style=\"text-align: justify;\"><b>Partners and Venues <\/b><\/p>\n<p class=\"p1\" style=\"text-align: justify;\">Mori Art Museum, Spiral, 131 Creative Hub, The Embassy of Sweden in Tokyo, Institut fran\u00e7ais du Japon, Musashino Art University, BankART Studio NYK Koganecho, Traumaris, Zou-no-hana Terrace, Shuhaly Farm, Kameido Studio, as well as public spaces in the city.<\/p>\n<p class=\"p2\" style=\"text-align: justify;\"><b>Supported by <\/b>Link\u00f6pings universitet, Institut Fran\u00e7ais, Japan, The Embassy of Sweden in Japan, The Scandinavia-Japan Sasakawa Foundation and Musashino Art University.<\/p>\n<p style=\"text-align: justify;\">\n","protected":false},"excerpt":{"rendered":"<p>Godzilla and the Phoenix June 17-28, 2013 OuUnPo has chosen two mythical creatures, Godzilla and the Phoenix as a starting point for a research in post-Fukushima Japan. The theme was a tool to develop the group\u2019s specific working methods in dialogue with local partners. The goal was to look at local knowledge and philosophy to&#160;[&#8230;] <\/p>\n<p><a href=\"https:\/\/www.eegsynth.org\/ouunpo\/140-2\" title=\"\" class=\"more-link\">Continue&#160;reading&#160;&#8230;<\/a><\/p>\n","protected":false},"author":3,"featured_media":0,"parent":0,"menu_order":0,"comment_status":"closed","ping_status":"closed","template":"","meta":{"_monsterinsights_skip_tracking":false,"_monsterinsights_sitenote_active":false,"_monsterinsights_sitenote_note":"","_monsterinsights_sitenote_category":0,"footnotes":""},"class_list":["post-140","page","type-page","status-publish","hentry"],"jetpack_sharing_enabled":true,"_links":{"self":[{"href":"https:\/\/www.eegsynth.org\/ouunpo\/wp-json\/wp\/v2\/pages\/140","targetHints":{"allow":["GET"]}}],"collection":[{"href":"https:\/\/www.eegsynth.org\/ouunpo\/wp-json\/wp\/v2\/pages"}],"about":[{"href":"https:\/\/www.eegsynth.org\/ouunpo\/wp-json\/wp\/v2\/types\/page"}],"author":[{"embeddable":true,"href":"https:\/\/www.eegsynth.org\/ouunpo\/wp-json\/wp\/v2\/users\/3"}],"replies":[{"embeddable":true,"href":"https:\/\/www.eegsynth.org\/ouunpo\/wp-json\/wp\/v2\/comments?post=140"}],"version-history":[{"count":16,"href":"https:\/\/www.eegsynth.org\/ouunpo\/wp-json\/wp\/v2\/pages\/140\/revisions"}],"predecessor-version":[{"id":313,"href":"https:\/\/www.eegsynth.org\/ouunpo\/wp-json\/wp\/v2\/pages\/140\/revisions\/313"}],"wp:attachment":[{"href":"https:\/\/www.eegsynth.org\/ouunpo\/wp-json\/wp\/v2\/media?parent=140"}],"curies":[{"name":"wp","href":"https:\/\/api.w.org\/{rel}","templated":true}]}}