{"id":210,"date":"2015-08-18T18:20:14","date_gmt":"2015-08-18T18:20:14","guid":{"rendered":"http:\/\/www.ouunpo.com\/?page_id=210"},"modified":"2015-08-18T19:05:00","modified_gmt":"2015-08-18T19:05:00","slug":"stockholm_session","status":"publish","type":"page","link":"https:\/\/www.eegsynth.org\/ouunpo\/stockholm_session","title":{"rendered":"Stockholm"},"content":{"rendered":"<p style=\"text-align: justify;\"><em>February 4-8, 2015<\/em><\/p>\n<p style=\"text-align: justify;\"><strong>The Fugue<\/strong><\/p>\n<p style=\"text-align: justify;\">The Stockholm session was titled &#8216;The Fugue&#8217;\u00a0 and aimed to allow art and science to enter into a novel dialogue. The session took the fugue state as a starting point &#8211; a rare psychiatric disorder characterized by complete but reversible amnesia. The patient suffering from a fugue state will lose all traces of personal memory and identity, lasting hours to several days. It is characteristic of the disorder to undertake unplanned travels, during which the patient might establishment a temporary new identity. The Stockholm session was structured as a polyphonic music formula, including interventions by scientists, visual artists, musicians, philosophers, researchers and curators.<\/p>\n<p style=\"text-align: justify;\"><strong>Some highlights of the program<\/strong><\/p>\n<p style=\"text-align: justify;\">The week was opened together with the exhibit <em>Artists Adrift<\/em> at\u00a0Bonniers konsthall, where we explored our overlapping themes in conversation with the exhibiting artists, and presented two sonic installations by Elena Nemkova and Natasha Rosling. Psychiatrist and neuroscientist Predrag Petrovic gave a public lecture on our constantly changing reality at the old nuclear power plant underneath KTH, followed by a course on escapism through screenings of short movies, curated by Elena Nemkova. For the occation, Italian artist Jacopo Miliani was an artist-in-residence at MDT, and together\u00a0with Jean-Louis Huhta, Sanna S\u00f6derholm and Carima Neusser, created a dance universe at the Dance Museum deceiving our vision and explore our sense of darkness. At the Italian Cultural Institute music psychologist and neuroscientist Laszlo Harmat lectured on the parallels between the fuga and the organization of the brain, followed by a musical performance of Bach fuga by Anna Buchenhorst of the Stockholm Royal Opera. Each event was freestanding and self-contained so that a visitor could choose to attend a single activity, a whole day or the entire session.<\/p>\n<p style=\"text-align: justify;\">The full program can be found <a href=\"http:\/\/www.ouunpo.com\/stockholm\/\">here<\/a>.<\/p>\n<p style=\"text-align: justify;\"><strong>Organizers<\/strong><\/p>\n<p style=\"text-align: justify;\">The session was curated by Stephen Whitmarsh with El\u00e9na Nemkova, along with curatorial assistance by Susanne Ewerl\u00f6f.<\/p>\n<p style=\"text-align: justify;\"><strong>Participants and contributors<\/strong><\/p>\n<p style=\"text-align: justify;\">Anders Widoff,\u00a0Anna Buchenhorst,\u00a0Antoine Bertin,\u00a0Arijana Kajfes,\u00a0Claudia Squitieri,\u00a0Gustav Nilsonne,\u00a0Elena Nemkova,\u00a0Elias Arner,\u00a0Henrik Sputnes,\u00a0Ir\u00e9ne Berggren,\u00a0Jacopo Miliani,\u00a0Jean-Luis Huhta,\u00a0Laslzo Hamat,\u00a0Marco Pasi,\u00a0Natasha Rosling,\u00a0Olav Westphalen,\u00a0Per H\u00fcttner,\u00a0Pina Kingman,\u00a0Predrag Petrovic,\u00a0Samon Takahashi,\u00a0Sara Giannini,\u00a0Stephen Whitmarsh,\u00a0Susanne Ewerlof,\u00a0Thomas Nordmark, Vilma Luostarinen and many more.<\/p>\n<p style=\"text-align: justify;\"><strong>Partners and venues<\/strong><\/p>\n<p style=\"text-align: justify;\">Bonniers konsthall, Iaspis \u2013 The Swedish Arts Grants Committee\u2019s International Programme for Visual Artists, Index Foundation, MDT, KTH R1, Hallwylska Museet, Karolinska Institutet, Kungliga Konsth\u00f6gskolan, Stockholm Italian Cultural Institute and Na\u00efvit\u00e9.\u00a0OuUnPo is part of Vision Forum and supported by Creed. The events are organised with Curatorial Mutiny and supported by Link\u00f6pings universitet, Kulturbryggan, Stockholms l\u00e4ns landsting, Stockholms stad, Statens kulturr\u00e5d and Kungliga konsth\u00f6gskolan.<\/p>\n<p style=\"text-align: justify;\"><strong>Excerpts and reflections<\/strong><\/p>\n<p>https:\/\/www.youtube.com\/watch?v=68abQOBKh7o&#038;index=2&#038;list=PLOI_e1h0yeCmHioot1HCF5udBWlaWSGTu<\/p>\n","protected":false},"excerpt":{"rendered":"<p>February 4-8, 2015 The Fugue The Stockholm session was titled &#8216;The Fugue&#8217;\u00a0 and aimed to allow art and science to enter into a novel dialogue. The session took the fugue state as a starting point &#8211; a rare psychiatric disorder characterized by complete but reversible amnesia. The patient suffering from a fugue state will lose&#160;[&#8230;] <\/p>\n<p><a href=\"https:\/\/www.eegsynth.org\/ouunpo\/stockholm_session\" title=\"\" class=\"more-link\">Continue&#160;reading&#160;&#8230;<\/a><\/p>\n","protected":false},"author":1,"featured_media":0,"parent":0,"menu_order":0,"comment_status":"closed","ping_status":"closed","template":"","meta":{"_monsterinsights_skip_tracking":false,"_monsterinsights_sitenote_active":false,"_monsterinsights_sitenote_note":"","_monsterinsights_sitenote_category":0,"footnotes":""},"class_list":["post-210","page","type-page","status-publish","hentry"],"jetpack_sharing_enabled":true,"_links":{"self":[{"href":"https:\/\/www.eegsynth.org\/ouunpo\/wp-json\/wp\/v2\/pages\/210","targetHints":{"allow":["GET"]}}],"collection":[{"href":"https:\/\/www.eegsynth.org\/ouunpo\/wp-json\/wp\/v2\/pages"}],"about":[{"href":"https:\/\/www.eegsynth.org\/ouunpo\/wp-json\/wp\/v2\/types\/page"}],"author":[{"embeddable":true,"href":"https:\/\/www.eegsynth.org\/ouunpo\/wp-json\/wp\/v2\/users\/1"}],"replies":[{"embeddable":true,"href":"https:\/\/www.eegsynth.org\/ouunpo\/wp-json\/wp\/v2\/comments?post=210"}],"version-history":[{"count":4,"href":"https:\/\/www.eegsynth.org\/ouunpo\/wp-json\/wp\/v2\/pages\/210\/revisions"}],"predecessor-version":[{"id":216,"href":"https:\/\/www.eegsynth.org\/ouunpo\/wp-json\/wp\/v2\/pages\/210\/revisions\/216"}],"wp:attachment":[{"href":"https:\/\/www.eegsynth.org\/ouunpo\/wp-json\/wp\/v2\/media?parent=210"}],"curies":[{"name":"wp","href":"https:\/\/api.w.org\/{rel}","templated":true}]}}